{"id":27,"date":"2021-06-19T19:34:39","date_gmt":"2021-06-19T19:34:39","guid":{"rendered":"https:\/\/michaelgrob.ch\/bewegtbild\/contact\/"},"modified":"2021-06-19T23:00:43","modified_gmt":"2021-06-19T23:00:43","slug":"contact","status":"publish","type":"page","link":"https:\/\/michaelgrob.ch\/bewegtbild\/contact\/","title":{"rendered":"Contact"},"content":{"rendered":"\n\n\n\n\n\n\ninfo (at) bewegtbild.ch\n\n\nDu m\u00f6chtest mit uns in Dialog treten?\n<p style=\"font-size: 14px\">Bitte nehmt mit uns Kontakt auf &#8211; wenn Ihr eine Rolle in einer unserer Produktionen \u00fcbernehmen wollt, einen unserer Filme an einem Festival zeigen m\u00f6chtet oder so dermassen daneben findet, dass Ihr Euch Luft verschaffen m\u00fcsst &#8211; hierf\u00fcr ist nebenstehende E-Mail-Adresse gedacht.&nbsp;<\/p><p style=\"font-size: 14px\">Leider kann man uns zur Zeit nicht anderweitig erreichen, denn wir sind alle neben Bewegtbild noch berufst\u00e4tig und stark ausgelastet.&nbsp;<\/p><p style=\"font-size: 14px\">Wir melden uns auf eine Anfrage aber so rasch als m\u00f6glich. Ehrenwort \ud83d\ude09<\/p>\n\n\n","protected":false},"excerpt":{"rendered":"","protected":false},"author":0,"featured_media":0,"parent":0,"menu_order":0,"comment_status":"closed","ping_status":"closed","template":"","meta":{"footnotes":""},"class_list":["post-27","page","type-page","status-publish","hentry"],"_links":{"self":[{"href":"https:\/\/michaelgrob.ch\/bewegtbild\/wp-json\/wp\/v2\/pages\/27","targetHints":{"allow":["GET"]}}],"collection":[{"href":"https:\/\/michaelgrob.ch\/bewegtbild\/wp-json\/wp\/v2\/pages"}],"about":[{"href":"https:\/\/michaelgrob.ch\/bewegtbild\/wp-json\/wp\/v2\/types\/page"}],"replies":[{"embeddable":true,"href":"https:\/\/michaelgrob.ch\/bewegtbild\/wp-json\/wp\/v2\/comments?post=27"}],"version-history":[{"count":8,"href":"https:\/\/michaelgrob.ch\/bewegtbild\/wp-json\/wp\/v2\/pages\/27\/revisions"}],"predecessor-version":[{"id":87,"href":"https:\/\/michaelgrob.ch\/bewegtbild\/wp-json\/wp\/v2\/pages\/27\/revisions\/87"}],"wp:attachment":[{"href":"https:\/\/michaelgrob.ch\/bewegtbild\/wp-json\/wp\/v2\/media?parent=27"}],"curies":[{"name":"wp","href":"https:\/\/api.w.org\/{rel}","templated":true}]}}